{"id":11511,"date":"2025-03-20T12:22:07","date_gmt":"2025-03-20T10:22:07","guid":{"rendered":"https:\/\/actongroup.com\/act-on-switzerland\/clients-projets\/"},"modified":"2025-12-19T18:25:01","modified_gmt":"2025-12-19T16:25:01","slug":"kunden-projekte","status":"publish","type":"page","link":"https:\/\/actongroup.com\/de\/act-on-switzerland\/kunden-projekte\/","title":{"rendered":"Kunden &amp; Projekte Schweiz"},"content":{"rendered":"","protected":false},"excerpt":{"rendered":"","protected":false},"author":1,"featured_media":0,"parent":11490,"menu_order":0,"comment_status":"closed","ping_status":"closed","template":"","meta":{"_acf_changed":false,"inline_featured_image":false,"footnotes":""},"class_list":["post-11511","page","type-page","status-publish","hentry"],"acf":[],"yoast_head":"<!-- This site is optimized with the Yoast SEO plugin v27.2 - https:\/\/yoast.com\/product\/yoast-seo-wordpress\/ -->\n<title>Alle Kunden und Projekte von Act-On Switzerland entdecken<\/title>\n<meta name=\"description\" content=\"ACT-ON SWITZERLAND begleitet seine Kunden langfristig und vor Ort. Unabh\u00e4ngig von ihrer Branche, Gr\u00f6\u00dfe oder Organisation. Globales und in HumanTech integriertes \u00d6kosystem.\" \/>\n<meta name=\"robots\" content=\"index, follow, max-snippet:-1, max-image-preview:large, max-video-preview:-1\" \/>\n<link rel=\"canonical\" href=\"https:\/\/actongroup.com\/de\/act-on-switzerland\/kunden-projekte\/\" \/>\n<meta property=\"og:locale\" content=\"de_DE\" \/>\n<meta property=\"og:type\" content=\"article\" \/>\n<meta property=\"og:title\" content=\"Alle Kunden und Projekte von Act-On Switzerland entdecken\" \/>\n<meta property=\"og:description\" content=\"ACT-ON SWITZERLAND begleitet seine Kunden langfristig und vor Ort. Unabh\u00e4ngig von ihrer Branche, Gr\u00f6\u00dfe oder Organisation. Globales und in HumanTech integriertes \u00d6kosystem.\" \/>\n<meta property=\"og:url\" content=\"https:\/\/actongroup.com\/de\/act-on-switzerland\/kunden-projekte\/\" \/>\n<meta property=\"og:site_name\" content=\"ACT-ON GROUP\" \/>\n<meta property=\"article:modified_time\" content=\"2025-12-19T16:25:01+00:00\" \/>\n<meta name=\"twitter:card\" content=\"summary_large_image\" \/>\n<meta name=\"twitter:label1\" content=\"Gesch\u00e4tzte Lesezeit\" \/>\n\t<meta name=\"twitter:data1\" content=\"3\u00a0Minuten\" \/>\n<script type=\"application\/ld+json\" class=\"yoast-schema-graph\">{\"@context\":\"https:\/\/schema.org\",\"@graph\":[{\"@type\":\"WebPage\",\"@id\":\"https:\/\/actongroup.com\/de\/act-on-switzerland\/kunden-projekte\/\",\"url\":\"https:\/\/actongroup.com\/de\/act-on-switzerland\/kunden-projekte\/\",\"name\":\"Alle Kunden und Projekte von Act-On Switzerland entdecken\",\"isPartOf\":{\"@id\":\"https:\/\/actongroup.com\/de\/#website\"},\"datePublished\":\"2025-03-20T10:22:07+00:00\",\"dateModified\":\"2025-12-19T16:25:01+00:00\",\"description\":\"ACT-ON SWITZERLAND begleitet seine Kunden langfristig und vor Ort. Unabh\u00e4ngig von ihrer Branche, Gr\u00f6\u00dfe oder Organisation. Globales und in HumanTech integriertes \u00d6kosystem.\",\"breadcrumb\":{\"@id\":\"https:\/\/actongroup.com\/de\/act-on-switzerland\/kunden-projekte\/#breadcrumb\"},\"inLanguage\":\"de\",\"potentialAction\":[{\"@type\":\"ReadAction\",\"target\":[\"https:\/\/actongroup.com\/de\/act-on-switzerland\/kunden-projekte\/\"]}]},{\"@type\":\"BreadcrumbList\",\"@id\":\"https:\/\/actongroup.com\/de\/act-on-switzerland\/kunden-projekte\/#breadcrumb\",\"itemListElement\":[{\"@type\":\"ListItem\",\"position\":1,\"name\":\"Home\",\"item\":\"https:\/\/actongroup.com\/de\/\"},{\"@type\":\"ListItem\",\"position\":2,\"name\":\"ACT-ON SWITZERLAND\",\"item\":\"https:\/\/actongroup.com\/de\/act-on-switzerland\/\"},{\"@type\":\"ListItem\",\"position\":3,\"name\":\"Kunden &amp; Projekte Schweiz\"}]},{\"@type\":\"WebSite\",\"@id\":\"https:\/\/actongroup.com\/de\/#website\",\"url\":\"https:\/\/actongroup.com\/de\/\",\"name\":\"ACT-ON GROUP\",\"description\":\"\",\"potentialAction\":[{\"@type\":\"SearchAction\",\"target\":{\"@type\":\"EntryPoint\",\"urlTemplate\":\"https:\/\/actongroup.com\/de\/?s={search_term_string}\"},\"query-input\":{\"@type\":\"PropertyValueSpecification\",\"valueRequired\":true,\"valueName\":\"search_term_string\"}}],\"inLanguage\":\"de\"}]}<\/script>\n<!-- \/ Yoast SEO plugin. -->","yoast_head_json":{"title":"Alle Kunden und Projekte von Act-On Switzerland entdecken","description":"ACT-ON SWITZERLAND begleitet seine Kunden langfristig und vor Ort. Unabh\u00e4ngig von ihrer Branche, Gr\u00f6\u00dfe oder Organisation. Globales und in HumanTech integriertes \u00d6kosystem.","robots":{"index":"index","follow":"follow","max-snippet":"max-snippet:-1","max-image-preview":"max-image-preview:large","max-video-preview":"max-video-preview:-1"},"canonical":"https:\/\/actongroup.com\/de\/act-on-switzerland\/kunden-projekte\/","og_locale":"de_DE","og_type":"article","og_title":"Alle Kunden und Projekte von Act-On Switzerland entdecken","og_description":"ACT-ON SWITZERLAND begleitet seine Kunden langfristig und vor Ort. Unabh\u00e4ngig von ihrer Branche, Gr\u00f6\u00dfe oder Organisation. Globales und in HumanTech integriertes \u00d6kosystem.","og_url":"https:\/\/actongroup.com\/de\/act-on-switzerland\/kunden-projekte\/","og_site_name":"ACT-ON GROUP","article_modified_time":"2025-12-19T16:25:01+00:00","twitter_card":"summary_large_image","twitter_misc":{"Gesch\u00e4tzte Lesezeit":"3\u00a0Minuten"},"schema":{"@context":"https:\/\/schema.org","@graph":[{"@type":"WebPage","@id":"https:\/\/actongroup.com\/de\/act-on-switzerland\/kunden-projekte\/","url":"https:\/\/actongroup.com\/de\/act-on-switzerland\/kunden-projekte\/","name":"Alle Kunden und Projekte von Act-On Switzerland entdecken","isPartOf":{"@id":"https:\/\/actongroup.com\/de\/#website"},"datePublished":"2025-03-20T10:22:07+00:00","dateModified":"2025-12-19T16:25:01+00:00","description":"ACT-ON SWITZERLAND begleitet seine Kunden langfristig und vor Ort. Unabh\u00e4ngig von ihrer Branche, Gr\u00f6\u00dfe oder Organisation. Globales und in HumanTech integriertes \u00d6kosystem.","breadcrumb":{"@id":"https:\/\/actongroup.com\/de\/act-on-switzerland\/kunden-projekte\/#breadcrumb"},"inLanguage":"de","potentialAction":[{"@type":"ReadAction","target":["https:\/\/actongroup.com\/de\/act-on-switzerland\/kunden-projekte\/"]}]},{"@type":"BreadcrumbList","@id":"https:\/\/actongroup.com\/de\/act-on-switzerland\/kunden-projekte\/#breadcrumb","itemListElement":[{"@type":"ListItem","position":1,"name":"Home","item":"https:\/\/actongroup.com\/de\/"},{"@type":"ListItem","position":2,"name":"ACT-ON SWITZERLAND","item":"https:\/\/actongroup.com\/de\/act-on-switzerland\/"},{"@type":"ListItem","position":3,"name":"Kunden &amp; Projekte Schweiz"}]},{"@type":"WebSite","@id":"https:\/\/actongroup.com\/de\/#website","url":"https:\/\/actongroup.com\/de\/","name":"ACT-ON GROUP","description":"","potentialAction":[{"@type":"SearchAction","target":{"@type":"EntryPoint","urlTemplate":"https:\/\/actongroup.com\/de\/?s={search_term_string}"},"query-input":{"@type":"PropertyValueSpecification","valueRequired":true,"valueName":"search_term_string"}}],"inLanguage":"de"}]}},"_links":{"self":[{"href":"https:\/\/actongroup.com\/de\/wp-json\/wp\/v2\/pages\/11511","targetHints":{"allow":["GET"]}}],"collection":[{"href":"https:\/\/actongroup.com\/de\/wp-json\/wp\/v2\/pages"}],"about":[{"href":"https:\/\/actongroup.com\/de\/wp-json\/wp\/v2\/types\/page"}],"author":[{"embeddable":true,"href":"https:\/\/actongroup.com\/de\/wp-json\/wp\/v2\/users\/1"}],"replies":[{"embeddable":true,"href":"https:\/\/actongroup.com\/de\/wp-json\/wp\/v2\/comments?post=11511"}],"version-history":[{"count":1,"href":"https:\/\/actongroup.com\/de\/wp-json\/wp\/v2\/pages\/11511\/revisions"}],"predecessor-version":[{"id":11513,"href":"https:\/\/actongroup.com\/de\/wp-json\/wp\/v2\/pages\/11511\/revisions\/11513"}],"up":[{"embeddable":true,"href":"https:\/\/actongroup.com\/de\/wp-json\/wp\/v2\/pages\/11490"}],"wp:attachment":[{"href":"https:\/\/actongroup.com\/de\/wp-json\/wp\/v2\/media?parent=11511"}],"curies":[{"name":"wp","href":"https:\/\/api.w.org\/{rel}","templated":true}]}}